{"id":13,"date":"2018-02-12T11:17:14","date_gmt":"2018-02-12T11:17:14","guid":{"rendered":"http:\/\/lecznica.pkps.org.pl\/?page_id=13"},"modified":"2024-08-02T08:48:16","modified_gmt":"2024-08-02T08:48:16","slug":"o-nas","status":"publish","type":"page","link":"https:\/\/lecznica.pkps.org.pl\/","title":{"rendered":"O nas"},"content":{"rendered":"<div id=\"pl-13\"  class=\"panel-layout\" ><div id=\"pg-13-0\"  class=\"panel-grid panel-has-style\" ><div class=\"siteorigin-panels-stretch panel-row-style panel-row-style-for-13-0\" data-stretch-type=\"full\" ><div id=\"pgc-13-0-0\"  class=\"panel-grid-cell\" ><div id=\"panel-13-0-0-0\" class=\"so-panel widget widget_sow-editor panel-first-child panel-last-child\" data-index=\"0\" ><div class=\"so-widget-sow-editor so-widget-sow-editor-base\">\n<div class=\"siteorigin-widget-tinymce textwidget\">\n\t<p style=\"font-weight: 400;\"><strong>SZANOWNI PA\u0143STWO<\/strong><\/p>\n<p style=\"font-weight: 400;\">UPRZEJMIE INFORMUJEMY \u017bE OD DNIA<\/p>\n<p style=\"font-weight: 400;\">12 SIERPNIA 2024 ROKU LECZNICA ROMA<\/p>\n<p style=\"font-weight: 400;\">ZMIENIA MIEJSCE UDZIELANIA \u015aWIADCZE\u0143 MEDYCZNYCH<\/p>\n<p style=\"font-weight: 400;\">\u00a0PRZY ZACHOWANIU DOTYCHCZASOWEJKADRY MEDYCZNEJ.<\/p>\n<p style=\"font-weight: 400;\">SERDECZNIE ZAPRASZAMY DO NOWEJ LOKALIZACJI :<\/p>\n<p style=\"font-weight: 400;\"><strong>WARSZAWA UL. GR\u00d3JECKA 118<\/strong><\/p>\n<p style=\"font-weight: 400;\"><strong>TELEFON:<\/strong><\/p>\n<p style=\"font-weight: 400;\"><strong>22 628 44 17, 504 078 849<\/strong><\/p>\n<p>&nbsp;<\/p>\n<p><strong>Witamy w Lecznicy ROMA -\u00a0przychodni lekarskiej otwartej na potrzeby pacjent\u00f3w !<\/strong><\/p>\n<p>Jeste\u015bmy ma\u0142\u0105 kameraln\u0105 przychodni\u0105 lekarsk\u0105 w kt\u00f3rej, panuje rodzinna atmosfera. Serdecznie zapraszamy do z\u0142o\u017cenia deklaracji i zapisania si\u0119 do naszego lekarza rodzinnego oraz piel\u0119gniarki w ramach NFZ. Zaopiekujemy si\u0119 tob\u0105 i zadbamy o twoje zdrowie.<\/p>\n<p>Mie\u015bcimy si\u0119 w \u015ar\u00f3dmie\u015bciu o\/k 100m od stacji \u015awi\u0119tokrzyska.<br \/>\nJeste\u015bmy podmiotem realizuj\u0105cym bezp\u0142atne \u015bwiadczenia zdrowotne w ramach kontraktu z NFZ w zakresie:<\/p>\n<p>- podstawowej opieki zdrowotnej (poz) to jest lekarze interni\u015bci, piel\u0119gniarki \u015brodowiskowe - rodzinne, badania diagnostyczne, analizy laboratoryjne.<\/p>\n<p>Ambulatoryjnej opieki specjalistycznej (AOS) tj. lekarze neurolodzy, badania diagnostyczne w tym rezonans magnetyczny, tomografia komputerowa, EEG, EMG i inne specjalistyczne badania.<\/p>\n<p>Jeste\u015bmy dost\u0119pni od poniedzia\u0142ku do pi\u0105tku w godz. 8:00 - 18:00<\/p>\n<p>po uprzednim\u00a0 zapisaniu si\u0119 do lekarza telefonicznie, osobi\u015bcie lub emeilowo.<\/p>\n<p>adres: \u015awi\u0119tokrzyska 30 <strong>( wej\u015bcie od podw\u00f3rka)\u00a0<\/strong> III klatka I pi\u0119tro, domofon 200<br \/>\nnr.tel 22 6284417<\/p>\n<p>email: roma@pkps.org.pl<\/p>\n<h3><img decoding=\"async\" class=\"alignnone wp-image-158 size-full\" src=\"https:\/\/lecznica.pkps.org.pl\/wp-content\/uploads\/2021\/11\/civ.png\" alt=\"ikona covid\" width=\"64\" height=\"64\" data-wp-editing=\"1\" \/>\u00a0\u00a0Telefon do punktu szczepie\u0144 przeciw Covid \u00a0504\u00a0078\u00a0849<\/h3>\n<p>&nbsp;<\/p>\n<\/div>\n<\/div><\/div><\/div><div id=\"pgc-13-0-1\"  class=\"panel-grid-cell\" ><div id=\"panel-13-0-1-0\" class=\"so-panel widget widget_sow-editor panel-first-child panel-last-child\" data-index=\"1\" ><div class=\"panel-widget-style panel-widget-style-for-13-0-1-0\" ><div class=\"so-widget-sow-editor so-widget-sow-editor-base\">\n<div class=\"siteorigin-widget-tinymce textwidget\">\n\t<h5>Trzecia dawka szczepionki przeciw COVID 19<\/h5>\n<p><strong>Dla kogo?<\/strong><br \/>\n-dla wszystkich os\u00f3b, kt\u00f3re uko\u0144czy\u0142y 50 rok zycia<br \/>\n-dla grup z zaburzeniami odporno\u015bci<br \/>\n-dla pracownik\u00f3w ochrony zdrowia<\/p>\n<p><strong>Czym szczepimy?<\/strong><br \/>\nSzczepionk\u0105 Pfizer<br \/>\nStosujemy j\u0105 niezale\u017cnie od rodzaju szczepionki zastosowanej podczas szczepienia podstawowego.<\/p>\n<p><strong>Warunek:<\/strong><br \/>\n-180 dni (p\u00f3\u0142 roku) od przyj\u0119cia pe\u0142nego szczepienia przeciw COVID-19 dla os\u00f3b, kt\u00f3re uko\u0144czy\u0142y 50 rok \u017cycia i pracownik\u00f3w ochrony zdrowia.<br \/>\n- 28 dni tylko dla os\u00f3b z zaburzeniami odporn\u015bci.<\/p>\n<p>&nbsp;<\/p>\n<\/div>\n<\/div><\/div><\/div><\/div><\/div><\/div><div id=\"pg-13-1\"  class=\"panel-grid panel-no-style\" ><div id=\"pgc-13-1-0\"  class=\"panel-grid-cell\" ><div id=\"panel-13-1-0-0\" class=\"so-panel widget widget_sow-editor panel-first-child panel-last-child\" data-index=\"2\" ><div class=\"so-widget-sow-editor so-widget-sow-editor-base\">\n<div class=\"siteorigin-widget-tinymce textwidget\">\n\t<p><img fetchpriority=\"high\" fetchpriority=\"high\" decoding=\"async\" class=\"alignnone size-full wp-image-110\" src=\"https:\/\/lecznica.pkps.org.pl\/wp-content\/uploads\/2020\/06\/Logo-RPO-WM-2018-nowe.png\" alt=\"Logo RPO WM 2018 nowe\" width=\"8182\" height=\"888\" srcset=\"https:\/\/lecznica.pkps.org.pl\/wp-content\/uploads\/2020\/06\/Logo-RPO-WM-2018-nowe.png 8182w, https:\/\/lecznica.pkps.org.pl\/wp-content\/uploads\/2020\/06\/Logo-RPO-WM-2018-nowe-300x33.png 300w, https:\/\/lecznica.pkps.org.pl\/wp-content\/uploads\/2020\/06\/Logo-RPO-WM-2018-nowe-768x83.png 768w, https:\/\/lecznica.pkps.org.pl\/wp-content\/uploads\/2020\/06\/Logo-RPO-WM-2018-nowe-1024x111.png 1024w, https:\/\/lecznica.pkps.org.pl\/wp-content\/uploads\/2020\/06\/Logo-RPO-WM-2018-nowe-960x104.png 960w\" sizes=\"(max-width: 8182px) 100vw, 8182px\" \/><\/p>\n<h3><a href=\"http:\/\/pkps.org.pl\/wp-content\/uploads\/2017\/06\/Zapytanie-ofertowe-na-sprz%C4%99t-do-Poradni-Rehabilitacyjnej-ROMA-1.pdf\"><strong>ZAPYTANIE OFERTOWE \u00a0<\/strong><\/a><a href=\"http:\/\/pkps.org.pl\/wp-content\/uploads\/2017\/06\/Zapytanie-ofertowe-na-sprz%C4%99t-do-Poradni-Rehabilitacyjnej-ROMA-1.pdf\">w sprawie:\u00a0<strong>dostawy sprz\u0119tu rehabilitacyjnego do Poradni Rehabilitacyjnej NZOZ RN PKPS o nazwie Lecznica ROMA RN PKPS przy ul. \u015awi\u0119tokrzyskiej 30 w Warszawie<\/strong><\/a><\/h3>\n<\/div>\n<\/div><\/div><\/div><\/div><div id=\"pg-13-2\"  class=\"panel-grid panel-has-style\" ><div class=\"siteorigin-panels-stretch panel-row-style panel-row-style-for-13-2\" data-stretch-type=\"full\" ><div id=\"pgc-13-2-0\"  class=\"panel-grid-cell\" ><div id=\"panel-13-2-0-0\" class=\"so-panel widget widget_sow-google-map panel-first-child panel-last-child\" data-index=\"3\" ><div class=\"so-widget-sow-google-map so-widget-sow-google-map-base\">\n<div class=\"sow-google-map-canvas\"\n     style=\"height:480px;\"\n     id=\"map-canvas-ff2a49c84c81a01880cf330a605ddaec\"\n     data-options=\"{&quot;address&quot;:&quot;Warszawa, \\u015awi\\u0119tokrzyska 30&quot;,&quot;zoom&quot;:12,&quot;mobileZoom&quot;:12,&quot;gestureHandling&quot;:&quot;greedy&quot;,&quot;disableUi&quot;:false,&quot;keepCentered&quot;:false,&quot;markerIcon&quot;:&quot;&quot;,&quot;markersDraggable&quot;:false,&quot;markerAtCenter&quot;:true,&quot;markerInfoDisplay&quot;:&quot;click&quot;,&quot;markerInfoMultiple&quot;:true,&quot;markerPositions&quot;:&quot;&quot;,&quot;mapName&quot;:&quot;&quot;,&quot;mapStyles&quot;:&quot;&quot;,&quot;directions&quot;:&quot;&quot;,&quot;apiKey&quot;:&quot;AIzaSyCoG-USiQaUb_6bUzVPT3FOwjp953_nSJA&quot;,&quot;breakpoint&quot;:780}\"\n     data-fallback-image=\"{&quot;img&quot;:&quot;&quot;}\"><\/div>\n<\/div><\/div><\/div><\/div><\/div><\/div>","protected":false},"excerpt":{"rendered":"<p>SZANOWNI PA\u0143STWO UPRZEJMIE INFORMUJEMY \u017bE OD DNIA 12 SIERPNIA 2024 ROKU LECZNICA ROMA ZMIENIA MIEJSCE UDZIELANIA \u015aWIADCZE\u0143 MEDYCZNYCH \u00a0PRZY ZACHOWANIU DOTYCHCZASOWEJKADRY MEDYCZNEJ. SERDECZNIE ZAPRASZAMY DO NOWEJ LOKALIZACJI : WARSZAWA UL. GR\u00d3JECKA 118 TELEFON: 22 628 44 17, 504 078 849 &nbsp; Witamy w Lecznicy ROMA -\u00a0przychodni lekarskiej otwartej na potrzeby pacjent\u00f3w ! Jeste\u015bmy ma\u0142\u0105 kameraln\u0105 <a href=\"https:\/\/lecznica.pkps.org.pl\/\" class=\"more-link\">Czytaj dalej...<span class=\"screen-reader-text\"> \"O nas\"<\/span><\/a><\/p>\n","protected":false},"author":1,"featured_media":0,"parent":0,"menu_order":0,"comment_status":"closed","ping_status":"closed","template":"page-templates\/full-width.php","meta":{"footnotes":"","_links_to":"","_links_to_target":""},"class_list":["post-13","page","type-page","status-publish","h-entry","hentry","h-as-page"],"_links":{"self":[{"href":"https:\/\/lecznica.pkps.org.pl\/index.php?rest_route=\/wp\/v2\/pages\/13"}],"collection":[{"href":"https:\/\/lecznica.pkps.org.pl\/index.php?rest_route=\/wp\/v2\/pages"}],"about":[{"href":"https:\/\/lecznica.pkps.org.pl\/index.php?rest_route=\/wp\/v2\/types\/page"}],"author":[{"embeddable":true,"href":"https:\/\/lecznica.pkps.org.pl\/index.php?rest_route=\/wp\/v2\/users\/1"}],"replies":[{"embeddable":true,"href":"https:\/\/lecznica.pkps.org.pl\/index.php?rest_route=%2Fwp%2Fv2%2Fcomments&post=13"}],"version-history":[{"count":77,"href":"https:\/\/lecznica.pkps.org.pl\/index.php?rest_route=\/wp\/v2\/pages\/13\/revisions"}],"predecessor-version":[{"id":213,"href":"https:\/\/lecznica.pkps.org.pl\/index.php?rest_route=\/wp\/v2\/pages\/13\/revisions\/213"}],"wp:attachment":[{"href":"https:\/\/lecznica.pkps.org.pl\/index.php?rest_route=%2Fwp%2Fv2%2Fmedia&parent=13"}],"curies":[{"name":"wp","href":"https:\/\/api.w.org\/{rel}","templated":true}]}}