{"id":21,"date":"2018-02-12T11:36:14","date_gmt":"2018-02-12T11:36:14","guid":{"rendered":"http:\/\/lecznica.pkps.org.pl\/?page_id=21"},"modified":"2022-09-10T14:50:47","modified_gmt":"2022-09-10T14:50:47","slug":"nasz-personel","status":"publish","type":"page","link":"https:\/\/lecznica.pkps.org.pl\/?page_id=21","title":{"rendered":"Nasz personel"},"content":{"rendered":"<p><strong>Nasi lekarze:<\/strong><\/p>\n<p>dr Teresa Kozi\u0144ska - NEUROLOG<\/p>\n<p>dr Julia Irmina Perzanowska - POZ<\/p>\n<p>dr Beata Gerlach - POZ<\/p>\n<p>dr Jerzy Skopowski - POZ<\/p>\n<p>dr Tadeusz Sobczyk - Ortopeda<br \/>\n(przyj\u0119cia komercyjne w ka\u017cdy pi\u0105tek 14.30-18.00 - w O\u015brodku Animacji Ruchowej ul. Gr\u00f3jecka 118).<\/p>\n<p><strong>Nasze piel\u0119gniarki:<\/strong><\/p>\n<p>Bogumi\u0142a Czerwi\u0144ska<\/p>\n<p>Kazimiera Trzaskoma- piel\u0119gniarka \u015brodowiskowa<\/p>\n<p>Marta Wasiluk<\/p>\n<p>Jolanta Katarzyna Kowalczyk<\/p>\n<p>Magdalena Nasie\u0142owska<\/p>\n<div><\/div>\n<div><\/div>\n","protected":false},"excerpt":{"rendered":"<p>Nasi lekarze: dr Teresa Kozi\u0144ska - NEUROLOG dr Julia Irmina Perzanowska - POZ dr Beata Gerlach - POZ dr Jerzy Skopowski - POZ dr Tadeusz Sobczyk - Ortopeda (przyj\u0119cia komercyjne w ka\u017cdy pi\u0105tek 14.30-18.00 - w O\u015brodku Animacji Ruchowej ul. Gr\u00f3jecka 118). Nasze piel\u0119gniarki: Bogumi\u0142a Czerwi\u0144ska Kazimiera Trzaskoma- piel\u0119gniarka \u015brodowiskowa Marta Wasiluk Jolanta Katarzyna Kowalczyk <a href=\"https:\/\/lecznica.pkps.org.pl\/?page_id=21\" class=\"more-link\">Czytaj dalej...<span class=\"screen-reader-text\"> \"Nasz personel\"<\/span><\/a><\/p>\n","protected":false},"author":1,"featured_media":0,"parent":0,"menu_order":0,"comment_status":"closed","ping_status":"closed","template":"","meta":{"footnotes":"","_links_to":"","_links_to_target":""},"class_list":["post-21","page","type-page","status-publish","h-entry","hentry","h-as-page"],"_links":{"self":[{"href":"https:\/\/lecznica.pkps.org.pl\/index.php?rest_route=\/wp\/v2\/pages\/21"}],"collection":[{"href":"https:\/\/lecznica.pkps.org.pl\/index.php?rest_route=\/wp\/v2\/pages"}],"about":[{"href":"https:\/\/lecznica.pkps.org.pl\/index.php?rest_route=\/wp\/v2\/types\/page"}],"author":[{"embeddable":true,"href":"https:\/\/lecznica.pkps.org.pl\/index.php?rest_route=\/wp\/v2\/users\/1"}],"replies":[{"embeddable":true,"href":"https:\/\/lecznica.pkps.org.pl\/index.php?rest_route=%2Fwp%2Fv2%2Fcomments&post=21"}],"version-history":[{"count":17,"href":"https:\/\/lecznica.pkps.org.pl\/index.php?rest_route=\/wp\/v2\/pages\/21\/revisions"}],"predecessor-version":[{"id":176,"href":"https:\/\/lecznica.pkps.org.pl\/index.php?rest_route=\/wp\/v2\/pages\/21\/revisions\/176"}],"wp:attachment":[{"href":"https:\/\/lecznica.pkps.org.pl\/index.php?rest_route=%2Fwp%2Fv2%2Fmedia&parent=21"}],"curies":[{"name":"wp","href":"https:\/\/api.w.org\/{rel}","templated":true}]}}