{"id":25,"date":"2018-02-12T11:39:42","date_gmt":"2018-02-12T11:39:42","guid":{"rendered":"http:\/\/lecznica.pkps.org.pl\/?page_id=25"},"modified":"2024-08-02T08:45:15","modified_gmt":"2024-08-02T08:45:15","slug":"uslugi-platne","status":"publish","type":"page","link":"https:\/\/lecznica.pkps.org.pl\/?page_id=25","title":{"rendered":"Kontakt"},"content":{"rendered":"\t\t<div data-elementor-type=\"wp-page\" data-elementor-id=\"25\" class=\"elementor elementor-25\">\n\t\t\t\t<div class=\"elementor-element elementor-element-101d745c e-flex e-con-boxed e-con e-parent\" data-id=\"101d745c\" data-element_type=\"container\">\n\t\t\t\t\t<div class=\"e-con-inner\">\n\t\t\t\t<div class=\"elementor-element elementor-element-333334a7 elementor-widget elementor-widget-text-editor\" data-id=\"333334a7\" data-element_type=\"widget\" data-widget_type=\"text-editor.default\">\n\t\t\t\t<div class=\"elementor-widget-container\">\n\t\t\t<style>\/*! elementor - v3.23.0 - 25-07-2024 *\/\n.elementor-widget-text-editor.elementor-drop-cap-view-stacked .elementor-drop-cap{background-color:#69727d;color:#fff}.elementor-widget-text-editor.elementor-drop-cap-view-framed .elementor-drop-cap{color:#69727d;border:3px solid;background-color:transparent}.elementor-widget-text-editor:not(.elementor-drop-cap-view-default) .elementor-drop-cap{margin-top:8px}.elementor-widget-text-editor:not(.elementor-drop-cap-view-default) .elementor-drop-cap-letter{width:1em;height:1em}.elementor-widget-text-editor .elementor-drop-cap{float:left;text-align:center;line-height:1;font-size:50px}.elementor-widget-text-editor .elementor-drop-cap-letter{display:inline-block}<\/style>\t\t\t\t<div><p style=\"font-weight: 400;\"><strong>SZANOWNI PA\u0143STWO <\/strong>UPRZEJMIE INFORMUJEMY \u017bE OD DNIA 12 SIERPNIA 2024 ROKU LECZNICA ROMA ZMIENIA MIEJSCE UDZIELANIA \u015aWIADCZE\u0143 MEDYCZNYCH PRZY ZACHOWANIU DOTYCHCZASOWEJKADRY MEDYCZNEJ.<\/p><p style=\"font-weight: 400;\">SERDECZNIE ZAPRASZAMY DO NOWEJ LOKALIZACJI :<br \/><strong>WARSZAWA UL. GR\u00d3JECKA 118<br \/><\/strong><strong>TELEFON:<br \/><\/strong><strong>22 628 44 17, 504 078 849<\/strong><\/p><p style=\"font-weight: 400;\"><strong>email:\u00a0<a href=\"mailto:roma@pkps.org.pl\">roma@pkps.org.pl<\/a><\/strong><\/p><\/div>\t\t\t\t\t\t<\/div>\n\t\t\t\t<\/div>\n\t\t\t\t\t<\/div>\n\t\t\t\t<\/div>\n\t\t<div class=\"elementor-element elementor-element-69aff1a e-flex e-con-boxed e-con e-parent\" data-id=\"69aff1a\" data-element_type=\"container\">\n\t\t\t\t\t<div class=\"e-con-inner\">\n\t\t\t\t<div class=\"elementor-element elementor-element-c959de8 elementor-widget elementor-widget-google_maps\" data-id=\"c959de8\" data-element_type=\"widget\" data-widget_type=\"google_maps.default\">\n\t\t\t\t<div class=\"elementor-widget-container\">\n\t\t\t<style>\/*! elementor - v3.23.0 - 25-07-2024 *\/\n.elementor-widget-google_maps .elementor-widget-container{overflow:hidden}.elementor-widget-google_maps .elementor-custom-embed{line-height:0}.elementor-widget-google_maps iframe{height:300px}<\/style>\t\t<div class=\"elementor-custom-embed\">\n\t\t\t<iframe loading=\"lazy\"\n\t\t\t\t\tsrc=\"https:\/\/maps.google.com\/maps?q=WARSZAWA%20UL.%20GR%C3%93JECKA%20118&#038;t=m&#038;z=15&#038;output=embed&#038;iwloc=near\"\n\t\t\t\t\ttitle=\"WARSZAWA UL. GR\u00d3JECKA 118\"\n\t\t\t\t\taria-label=\"WARSZAWA UL. GR\u00d3JECKA 118\"\n\t\t\t><\/iframe>\n\t\t<\/div>\n\t\t\t\t<\/div>\n\t\t\t\t<\/div>\n\t\t\t\t<div class=\"elementor-element elementor-element-c0de3f9 elementor-widget elementor-widget-text-editor\" data-id=\"c0de3f9\" data-element_type=\"widget\" data-widget_type=\"text-editor.default\">\n\t\t\t\t<div class=\"elementor-widget-container\">\n\t\t\t\t\t\t\t<div style=\"caret-color: #000000; color: #000000;\"><strong>NZOZ RNPKPS<\/strong>\u00a0&#8211; Lecznica ROMA<\/div><div style=\"caret-color: #000000; color: #000000;\">ul. \u015awi\u0119tokrzyska 30, Warszawa, (wej\u015bcie od podw\u00f3rka) III klatka, I pi\u0119tro, domofon 200.<\/div><div style=\"caret-color: #000000; color: #000000;\">rejestracja: telefon 22 628 44 17, e-mail:\u00a0<a href=\"mailto:roma@pkps.org.pl\">roma@pkps.org.pl<\/a><\/div><div style=\"caret-color: #000000; color: #000000;\">godziny rejestracji i otwarcia Poniedzia\u0142ek &#8211; Pi\u0105tek, 8.00 &#8211; 18.00<\/div><div style=\"caret-color: #000000; color: #000000;\">\u00a0<\/div><div style=\"caret-color: #000000; color: #000000;\"><strong>NZOZ RNPKPS<\/strong>\u00a0&#8211; O\u015brodek Animacji Ruchowej<\/div><div style=\"caret-color: #000000; color: #000000;\">ul. Gr\u00f3jecka 118, Warszawa<\/div><div style=\"caret-color: #000000; color: #000000;\">rejestracja: telefon 508 442 897, e-mail:\u00a0<a href=\"mailto:rehabilitacja@pkps.org.pl\">rehabilitacja@pkps.org.pl<\/a><br \/>w godzinach 9.00 &#8211; 17.00<\/div><div style=\"caret-color: #000000; color: #000000;\">godziny otwarcia dostosowane do potrzeb pacjent\u00f3w<\/div><div style=\"caret-color: #000000; color: #000000;\">\u00a0<\/div><div style=\"caret-color: #000000; color: #000000;\">\u00a0<\/div>\t\t\t\t\t\t<\/div>\n\t\t\t\t<\/div>\n\t\t\t\t\t<\/div>\n\t\t\t\t<\/div>\n\t\t\t\t<\/div>\n\t\t","protected":false},"excerpt":{"rendered":"<p>SZANOWNI PA\u0143STWO UPRZEJMIE INFORMUJEMY \u017bE OD DNIA 12 SIERPNIA 2024 ROKU LECZNICA ROMA ZMIENIA MIEJSCE UDZIELANIA \u015aWIADCZE\u0143 MEDYCZNYCH PRZY ZACHOWANIU DOTYCHCZASOWEJKADRY MEDYCZNEJ. SERDECZNIE ZAPRASZAMY DO NOWEJ LOKALIZACJI :WARSZAWA UL. GR\u00d3JECKA 118TELEFON:22 628 44 17, 504 078 849 email:\u00a0roma@pkps.org.pl NZOZ RNPKPS\u00a0- Lecznica ROMAul. \u015awi\u0119tokrzyska 30, Warszawa, (wej\u015bcie od podw\u00f3rka) III klatka, I pi\u0119tro, domofon 200.rejestracja: telefon <a href=\"https:\/\/lecznica.pkps.org.pl\/?page_id=25\" class=\"more-link\">Czytaj dalej...<span class=\"screen-reader-text\"> \"Kontakt\"<\/span><\/a><\/p>\n","protected":false},"author":1,"featured_media":0,"parent":0,"menu_order":0,"comment_status":"closed","ping_status":"closed","template":"","meta":{"footnotes":"","_links_to":"","_links_to_target":""},"class_list":["post-25","page","type-page","status-publish","h-entry","hentry","h-as-page"],"_links":{"self":[{"href":"https:\/\/lecznica.pkps.org.pl\/index.php?rest_route=\/wp\/v2\/pages\/25"}],"collection":[{"href":"https:\/\/lecznica.pkps.org.pl\/index.php?rest_route=\/wp\/v2\/pages"}],"about":[{"href":"https:\/\/lecznica.pkps.org.pl\/index.php?rest_route=\/wp\/v2\/types\/page"}],"author":[{"embeddable":true,"href":"https:\/\/lecznica.pkps.org.pl\/index.php?rest_route=\/wp\/v2\/users\/1"}],"replies":[{"embeddable":true,"href":"https:\/\/lecznica.pkps.org.pl\/index.php?rest_route=%2Fwp%2Fv2%2Fcomments&post=25"}],"version-history":[{"count":13,"href":"https:\/\/lecznica.pkps.org.pl\/index.php?rest_route=\/wp\/v2\/pages\/25\/revisions"}],"predecessor-version":[{"id":209,"href":"https:\/\/lecznica.pkps.org.pl\/index.php?rest_route=\/wp\/v2\/pages\/25\/revisions\/209"}],"wp:attachment":[{"href":"https:\/\/lecznica.pkps.org.pl\/index.php?rest_route=%2Fwp%2Fv2%2Fmedia&parent=25"}],"curies":[{"name":"wp","href":"https:\/\/api.w.org\/{rel}","templated":true}]}}